{"id":142,"date":"2025-01-10T17:40:48","date_gmt":"2025-01-10T17:40:48","guid":{"rendered":"https:\/\/asdariollicorretora.com.br\/?page_id=142"},"modified":"2025-02-12T17:12:20","modified_gmt":"2025-02-12T20:12:20","slug":"contato","status":"publish","type":"page","link":"https:\/\/asdariollicorretora.com.br\/?page_id=142","title":{"rendered":"Contato"},"content":{"rendered":"\t\t<div data-elementor-type=\"wp-page\" data-elementor-id=\"142\" class=\"elementor elementor-142\" data-elementor-post-type=\"page\">\n\t\t\t\t<section class=\"elementor-element elementor-element-1af7e73 e-flex e-con-boxed e-con e-parent\" data-id=\"1af7e73\" data-element_type=\"container\" data-settings=\"{&quot;background_background&quot;:&quot;classic&quot;}\">\n\t\t\t\t\t<div class=\"e-con-inner\">\n\t\t\t\t<div class=\"elementor-element elementor-element-67550ea elementor-widget__width-initial elementor-widget elementor-widget-heading\" data-id=\"67550ea\" data-element_type=\"widget\" data-widget_type=\"heading.default\">\n\t\t\t\t<div class=\"elementor-widget-container\">\n\t\t\t\t\t<h2 class=\"elementor-heading-title elementor-size-default\">Entre em contato<\/h2>\t\t\t\t<\/div>\n\t\t\t\t<\/div>\n\t\t\t\t<div class=\"elementor-element elementor-element-0a32d6e elementor-widget elementor-widget-text-editor\" data-id=\"0a32d6e\" data-element_type=\"widget\" data-widget_type=\"text-editor.default\">\n\t\t\t\t<div class=\"elementor-widget-container\">\n\t\t\t\t\t\t\t\t\t<p><a style=\"text-decoration: none; color: inherit;\" href=\"https:\/\/asdariollicorretora.com.br\/\">Home<\/a> <span style=\"font-size: 45px;\">.<\/span> Entre em contato<\/p>\t\t\t\t\t\t\t\t<\/div>\n\t\t\t\t<\/div>\n\t\t\t\t\t<\/div>\n\t\t\t\t<\/section>\n\t\t<section class=\"elementor-element elementor-element-464d1cf e-flex e-con-boxed e-con e-parent\" data-id=\"464d1cf\" data-element_type=\"container\">\n\t\t\t\t\t<div class=\"e-con-inner\">\n\t\t<div class=\"elementor-element elementor-element-fbb4445 e-con-full e-flex e-con e-child\" data-id=\"fbb4445\" data-element_type=\"container\">\n\t\t\t\t<div class=\"elementor-element elementor-element-08cf8d0 elementor-widget__width-initial elementor-widget elementor-widget-text-editor\" data-id=\"08cf8d0\" data-element_type=\"widget\" data-widget_type=\"text-editor.default\">\n\t\t\t\t<div class=\"elementor-widget-container\">\n\t\t\t\t\t\t\t\t\t<ul><li>ENTRE EM CONTATO<\/li><\/ul>\t\t\t\t\t\t\t\t<\/div>\n\t\t\t\t<\/div>\n\t\t\t\t<div class=\"elementor-element elementor-element-b808dcc elementor-widget__width-initial elementor-widget elementor-widget-heading\" data-id=\"b808dcc\" data-element_type=\"widget\" data-widget_type=\"heading.default\">\n\t\t\t\t<div class=\"elementor-widget-container\">\n\t\t\t\t\t<h2 class=\"elementor-heading-title elementor-size-default\">Suporte e Assist\u00eancia <span style=\"font-weight:700\">personalizada<\/span> em seguros<\/h2>\t\t\t\t<\/div>\n\t\t\t\t<\/div>\n\t\t\t\t<div class=\"elementor-element elementor-element-252379b elementor-widget__width-initial elementor-widget elementor-widget-text-editor\" data-id=\"252379b\" data-element_type=\"widget\" data-widget_type=\"text-editor.default\">\n\t\t\t\t<div class=\"elementor-widget-container\">\n\t\t\t\t\t\t\t\t\t<p>Entre em contato com nossa equipe para solu\u00e7\u00f5es em seguros personalizadas, orienta\u00e7\u00e3o especializada e assist\u00eancia \u00e1gil para todas as suas necessidades de cobertura.<\/p>\t\t\t\t\t\t\t\t<\/div>\n\t\t\t\t<\/div>\n\t\t\t\t<div class=\"elementor-element elementor-element-ca09ea1 elementor-mobile_extra-align-left elementor-icon-list--layout-traditional elementor-list-item-link-full_width elementor-widget elementor-widget-icon-list\" data-id=\"ca09ea1\" data-element_type=\"widget\" data-widget_type=\"icon-list.default\">\n\t\t\t\t<div class=\"elementor-widget-container\">\n\t\t\t\t\t\t\t<ul class=\"elementor-icon-list-items\">\n\t\t\t\t\t\t\t<li class=\"elementor-icon-list-item\">\n\t\t\t\t\t\t\t\t\t\t\t<span class=\"elementor-icon-list-icon\">\n\t\t\t\t\t\t\t<svg xmlns=\"http:\/\/www.w3.org\/2000\/svg\" width=\"24\" height=\"25\" viewBox=\"0 0 24 25\" fill=\"none\"><mask id=\"mask0_721_4719\" style=\"mask-type:luminance\" maskUnits=\"userSpaceOnUse\" x=\"0\" y=\"0\" width=\"24\" height=\"25\"><path d=\"M23.52 0.964844H0.47998V24.0048H23.52V0.964844Z\" fill=\"white\"><\/path><\/mask><g mask=\"url(#mask0_721_4719)\"><path d=\"M21.5548 17.1187C21.228 16.9392 20.8176 17.0586 20.6382 17.3853C20.4586 17.7121 20.5781 18.1225 20.9047 18.3019C21.7088 18.7436 22.17 19.2333 22.17 19.6454C22.17 20.1495 21.4558 20.9306 19.4514 21.6117C17.4712 22.2844 14.8249 22.655 12 22.655C9.1751 22.655 6.52879 22.2844 4.54857 21.6117C2.54413 20.9307 1.82998 20.1495 1.82998 19.6454C1.82998 19.2333 2.29115 18.7436 3.0952 18.3019C3.42195 18.1224 3.54129 17.712 3.36178 17.3853C3.18227 17.0586 2.77201 16.9392 2.44518 17.1187C1.54868 17.6112 0.47998 18.4493 0.47998 19.6454C0.47998 20.5622 1.11052 21.8694 4.11427 22.8899C6.23071 23.609 9.03124 24.005 12 24.005C14.9687 24.005 17.7693 23.609 19.8857 22.8899C22.8895 21.8694 23.52 20.5622 23.52 19.6454C23.52 18.4493 22.4513 17.6112 21.5548 17.1187Z\" fill=\"#9DA718\"><\/path><path d=\"M6.90383 20.6359C8.27408 21.0229 10.084 21.2362 12 21.2362C13.9161 21.2362 15.7259 21.0229 17.0962 20.6359C18.7725 20.1623 19.6225 19.4768 19.6225 18.5985C19.6225 17.7202 18.7725 17.0347 17.0962 16.5612C16.724 16.456 16.3193 16.3638 15.889 16.2852C15.6553 16.6889 15.4104 17.1045 15.1545 17.532C15.6307 17.6035 16.0779 17.6911 16.484 17.7946C17.7177 18.1088 18.1684 18.4625 18.261 18.5986C18.1684 18.7346 17.7178 19.0883 16.484 19.4025C15.3163 19.6999 13.8139 19.8695 12.2316 19.8847C12.155 19.8903 12.0778 19.8936 12 19.8936C11.9222 19.8936 11.845 19.8903 11.7684 19.8847C10.186 19.8695 8.68363 19.7 7.51592 19.4025C6.28221 19.0883 5.83153 18.7345 5.73887 18.5986C5.83153 18.4625 6.28225 18.1088 7.51597 17.7946C7.92205 17.6912 8.36922 17.6035 8.84554 17.532C8.58954 17.1045 8.34469 16.6888 8.11101 16.2852C7.68071 16.3639 7.27594 16.456 6.90383 16.5612C5.22745 17.0347 4.37744 17.7202 4.37744 18.5985C4.37744 19.4768 5.22745 20.1623 6.90383 20.6359Z\" fill=\"#9DA718\"><\/path><path d=\"M11.9999 18.5434C12.6007 18.5434 13.1466 18.2372 13.46 17.7243C15.6565 14.1308 18.2747 9.39469 18.2747 7.23959C18.2747 3.77969 15.4598 0.964844 11.9999 0.964844C8.53993 0.964844 5.7251 3.77969 5.7251 7.23959C5.7251 9.39469 8.34333 14.1308 10.5397 17.7243C10.8532 18.2372 11.399 18.5434 11.9999 18.5434ZM9.47778 6.80877C9.47778 5.41814 10.6092 4.28674 11.9999 4.28674C13.3905 4.28674 14.522 5.41814 14.522 6.80877C14.522 8.19945 13.3905 9.33084 11.9999 9.33084C10.6092 9.33084 9.47778 8.1995 9.47778 6.80877Z\" fill=\"#9DA718\"><\/path><\/g><\/svg>\t\t\t\t\t\t<\/span>\n\t\t\t\t\t\t\t\t\t\t<span class=\"elementor-icon-list-text\">Rua Soriano de Sousa, 189, Sala 26 - Tatuap\u00e9<br> CEP: 03066-020 S\u00e3o Paulo - SP<\/span>\n\t\t\t\t\t\t\t\t\t<\/li>\n\t\t\t\t\t\t<\/ul>\n\t\t\t\t\t\t<\/div>\n\t\t\t\t<\/div>\n\t\t<div class=\"elementor-element elementor-element-8dcd625 e-con-full e-flex e-con e-child\" data-id=\"8dcd625\" data-element_type=\"container\" data-settings=\"{&quot;background_background&quot;:&quot;classic&quot;}\">\n\t\t\t\t<div class=\"elementor-element elementor-element-37bef93 elementor-icon-list--layout-traditional elementor-list-item-link-full_width elementor-widget elementor-widget-icon-list\" data-id=\"37bef93\" data-element_type=\"widget\" data-widget_type=\"icon-list.default\">\n\t\t\t\t<div class=\"elementor-widget-container\">\n\t\t\t\t\t\t\t<ul class=\"elementor-icon-list-items\">\n\t\t\t\t\t\t\t<li class=\"elementor-icon-list-item\">\n\t\t\t\t\t\t\t\t\t\t\t<span class=\"elementor-icon-list-icon\">\n\t\t\t\t\t\t\t<svg aria-hidden=\"true\" class=\"e-font-icon-svg e-fas-phone-volume\" viewBox=\"0 0 384 512\" xmlns=\"http:\/\/www.w3.org\/2000\/svg\"><path d=\"M97.333 506.966c-129.874-129.874-129.681-340.252 0-469.933 5.698-5.698 14.527-6.632 21.263-2.422l64.817 40.513a17.187 17.187 0 0 1 6.849 20.958l-32.408 81.021a17.188 17.188 0 0 1-17.669 10.719l-55.81-5.58c-21.051 58.261-20.612 122.471 0 179.515l55.811-5.581a17.188 17.188 0 0 1 17.669 10.719l32.408 81.022a17.188 17.188 0 0 1-6.849 20.958l-64.817 40.513a17.19 17.19 0 0 1-21.264-2.422zM247.126 95.473c11.832 20.047 11.832 45.008 0 65.055-3.95 6.693-13.108 7.959-18.718 2.581l-5.975-5.726c-3.911-3.748-4.793-9.622-2.261-14.41a32.063 32.063 0 0 0 0-29.945c-2.533-4.788-1.65-10.662 2.261-14.41l5.975-5.726c5.61-5.378 14.768-4.112 18.718 2.581zm91.787-91.187c60.14 71.604 60.092 175.882 0 247.428-4.474 5.327-12.53 5.746-17.552.933l-5.798-5.557c-4.56-4.371-4.977-11.529-.93-16.379 49.687-59.538 49.646-145.933 0-205.422-4.047-4.85-3.631-12.008.93-16.379l5.798-5.557c5.022-4.813 13.078-4.394 17.552.933zm-45.972 44.941c36.05 46.322 36.108 111.149 0 157.546-4.39 5.641-12.697 6.251-17.856 1.304l-5.818-5.579c-4.4-4.219-4.998-11.095-1.285-15.931 26.536-34.564 26.534-82.572 0-117.134-3.713-4.836-3.115-11.711 1.285-15.931l5.818-5.579c5.159-4.947 13.466-4.337 17.856 1.304z\"><\/path><\/svg>\t\t\t\t\t\t<\/span>\n\t\t\t\t\t\t\t\t\t\t<span class=\"elementor-icon-list-text\"><span style=\"font-size: 15px\">N\u00famero de contato:<\/span><br><span style=\"font-weight: 600\">(11) 2293-5893<\/span><\/span>\n\t\t\t\t\t\t\t\t\t<\/li>\n\t\t\t\t\t\t\t\t<li class=\"elementor-icon-list-item\">\n\t\t\t\t\t\t\t\t\t\t\t<a href=\"mailto:contatosite@asdariollicorretora.com.br\">\n\n\t\t\t\t\t\t\t\t\t\t\t\t<span class=\"elementor-icon-list-icon\">\n\t\t\t\t\t\t\t<svg aria-hidden=\"true\" class=\"e-font-icon-svg e-fas-envelope-open\" viewBox=\"0 0 512 512\" xmlns=\"http:\/\/www.w3.org\/2000\/svg\"><path d=\"M512 464c0 26.51-21.49 48-48 48H48c-26.51 0-48-21.49-48-48V200.724a48 48 0 0 1 18.387-37.776c24.913-19.529 45.501-35.365 164.2-121.511C199.412 29.17 232.797-.347 256 .003c23.198-.354 56.596 29.172 73.413 41.433 118.687 86.137 139.303 101.995 164.2 121.512A48 48 0 0 1 512 200.724V464zm-65.666-196.605c-2.563-3.728-7.7-4.595-11.339-1.907-22.845 16.873-55.462 40.705-105.582 77.079-16.825 12.266-50.21 41.781-73.413 41.43-23.211.344-56.559-29.143-73.413-41.43-50.114-36.37-82.734-60.204-105.582-77.079-3.639-2.688-8.776-1.821-11.339 1.907l-9.072 13.196a7.998 7.998 0 0 0 1.839 10.967c22.887 16.899 55.454 40.69 105.303 76.868 20.274 14.781 56.524 47.813 92.264 47.573 35.724.242 71.961-32.771 92.263-47.573 49.85-36.179 82.418-59.97 105.303-76.868a7.998 7.998 0 0 0 1.839-10.967l-9.071-13.196z\"><\/path><\/svg>\t\t\t\t\t\t<\/span>\n\t\t\t\t\t\t\t\t\t\t<span class=\"elementor-icon-list-text\"><span style=\"font-size: 15px\">Email:<\/span><br><span style=\"font-weight: 600\">contatosite@asdariollicorretora.com.br<\/span><\/span>\n\t\t\t\t\t\t\t\t\t\t\t<\/a>\n\t\t\t\t\t\t\t\t\t<\/li>\n\t\t\t\t\t\t<\/ul>\n\t\t\t\t\t\t<\/div>\n\t\t\t\t<\/div>\n\t\t\t\t<\/div>\n\t\t\t\t<\/div>\n\t\t<div class=\"elementor-element elementor-element-bdbeb9e e-con-full e-flex e-con e-child\" data-id=\"bdbeb9e\" data-element_type=\"container\">\n\t\t<div class=\"elementor-element elementor-element-f53b402 e-con-full e-flex e-con e-child\" data-id=\"f53b402\" data-element_type=\"container\" data-settings=\"{&quot;background_background&quot;:&quot;classic&quot;}\">\n\t\t\t\t<div class=\"elementor-element elementor-element-5e64c6e elementor-widget__width-initial elementor-widget elementor-widget-heading\" data-id=\"5e64c6e\" data-element_type=\"widget\" data-widget_type=\"heading.default\">\n\t\t\t\t<div class=\"elementor-widget-container\">\n\t\t\t\t\t<h2 class=\"elementor-heading-title elementor-size-default\"> <span style=\"font-weight:700\">Fale<\/span> conosco<\/h2>\t\t\t\t<\/div>\n\t\t\t\t<\/div>\n\t\t\t\t<div class=\"elementor-element elementor-element-e87ff87 elementor-widget__width-initial elementor-widget elementor-widget-text-editor\" data-id=\"e87ff87\" data-element_type=\"widget\" data-widget_type=\"text-editor.default\">\n\t\t\t\t<div class=\"elementor-widget-container\">\n\t\t\t\t\t\t\t\t\t<p>Complete o formul\u00e1rio para d\u00favidas ou inic\u00edar sua jornada de seguros<\/p>\t\t\t\t\t\t\t\t<\/div>\n\t\t\t\t<\/div>\n\t\t\t\t<div class=\"elementor-element elementor-element-47952ad elementor-button-align-stretch elementor-widget elementor-widget-form\" data-id=\"47952ad\" data-element_type=\"widget\" data-settings=\"{&quot;step_next_label&quot;:&quot;Pr\\u00f3ximo&quot;,&quot;step_previous_label&quot;:&quot;Anterior&quot;,&quot;button_width&quot;:&quot;100&quot;,&quot;step_type&quot;:&quot;number_text&quot;,&quot;step_icon_shape&quot;:&quot;circle&quot;}\" data-widget_type=\"form.default\">\n\t\t\t\t<div class=\"elementor-widget-container\">\n\t\t\t\t\t\t\t<form class=\"elementor-form\" method=\"post\" name=\"Formul\u00e1rio - Contato\" novalidate=\"\">\n\t\t\t<input type=\"hidden\" name=\"post_id\" value=\"142\"\/>\n\t\t\t<input type=\"hidden\" name=\"form_id\" value=\"47952ad\"\/>\n\t\t\t<input type=\"hidden\" name=\"referer_title\" value=\"Contato\" \/>\n\n\t\t\t\t\t\t\t<input type=\"hidden\" name=\"queried_id\" value=\"142\"\/>\n\t\t\t\n\t\t\t<div class=\"elementor-form-fields-wrapper elementor-labels-\">\n\t\t\t\t\t\t\t\t<div class=\"elementor-field-type-text elementor-field-group elementor-column elementor-field-group-name elementor-col-50\">\n\t\t\t\t\t\t\t\t\t\t\t\t<label for=\"form-field-name\" class=\"elementor-field-label elementor-screen-only\">\n\t\t\t\t\t\t\t\tNome\t\t\t\t\t\t\t<\/label>\n\t\t\t\t\t\t\t\t\t\t\t\t\t\t<input size=\"1\" type=\"text\" name=\"form_fields[name]\" id=\"form-field-name\" class=\"elementor-field elementor-size-sm  elementor-field-textual\" placeholder=\"Nome\">\n\t\t\t\t\t\t\t\t\t\t\t<\/div>\n\t\t\t\t\t\t\t\t<div class=\"elementor-field-type-text elementor-field-group elementor-column elementor-field-group-email elementor-col-50 elementor-field-required\">\n\t\t\t\t\t\t\t\t\t\t\t\t<label for=\"form-field-email\" class=\"elementor-field-label elementor-screen-only\">\n\t\t\t\t\t\t\t\tSobrenome\t\t\t\t\t\t\t<\/label>\n\t\t\t\t\t\t\t\t\t\t\t\t\t\t<input size=\"1\" type=\"text\" name=\"form_fields[email]\" id=\"form-field-email\" class=\"elementor-field elementor-size-sm  elementor-field-textual\" placeholder=\"Sobrenome\" required=\"required\" aria-required=\"true\">\n\t\t\t\t\t\t\t\t\t\t\t<\/div>\n\t\t\t\t\t\t\t\t<div class=\"elementor-field-type-email elementor-field-group elementor-column elementor-field-group-field_ec4fe5d elementor-col-50\">\n\t\t\t\t\t\t\t\t\t\t\t\t<label for=\"form-field-field_ec4fe5d\" class=\"elementor-field-label elementor-screen-only\">\n\t\t\t\t\t\t\t\tE-mail\t\t\t\t\t\t\t<\/label>\n\t\t\t\t\t\t\t\t\t\t\t\t\t\t<input size=\"1\" type=\"email\" name=\"form_fields[field_ec4fe5d]\" id=\"form-field-field_ec4fe5d\" class=\"elementor-field elementor-size-sm  elementor-field-textual\" placeholder=\"E-mail\">\n\t\t\t\t\t\t\t\t\t\t\t<\/div>\n\t\t\t\t\t\t\t\t<div class=\"elementor-field-type-number elementor-field-group elementor-column elementor-field-group-field_585f4c8 elementor-col-50\">\n\t\t\t\t\t\t\t\t\t\t\t\t<label for=\"form-field-field_585f4c8\" class=\"elementor-field-label elementor-screen-only\">\n\t\t\t\t\t\t\t\tTelefone\t\t\t\t\t\t\t<\/label>\n\t\t\t\t\t\t\t\t\t<input type=\"number\" name=\"form_fields[field_585f4c8]\" id=\"form-field-field_585f4c8\" class=\"elementor-field elementor-size-sm  elementor-field-textual\" placeholder=\"Telefone\" min=\"\" max=\"\" >\n\t\t\t\t\t\t<\/div>\n\t\t\t\t\t\t\t\t<div class=\"elementor-field-type-textarea elementor-field-group elementor-column elementor-field-group-message elementor-col-100\">\n\t\t\t\t\t\t\t\t\t\t\t\t<label for=\"form-field-message\" class=\"elementor-field-label elementor-screen-only\">\n\t\t\t\t\t\t\t\tMensagem\t\t\t\t\t\t\t<\/label>\n\t\t\t\t\t\t<textarea class=\"elementor-field-textual elementor-field  elementor-size-sm\" name=\"form_fields[message]\" id=\"form-field-message\" rows=\"4\"><\/textarea>\t\t\t\t<\/div>\n\t\t\t\t\t\t\t\t<div class=\"elementor-field-group elementor-column elementor-field-type-submit elementor-col-100 e-form__buttons\">\n\t\t\t\t\t<button class=\"elementor-button elementor-size-sm\" type=\"submit\">\n\t\t\t\t\t\t<span class=\"elementor-button-content-wrapper\">\n\t\t\t\t\t\t\t\t\t\t\t\t\t\t\t\t\t\t\t\t\t\t<span class=\"elementor-button-text\">Enviar<\/span>\n\t\t\t\t\t\t\t\t\t\t\t\t\t<\/span>\n\t\t\t\t\t<\/button>\n\t\t\t\t<\/div>\n\t\t\t<\/div>\n\t\t<\/form>\n\t\t\t\t\t\t<\/div>\n\t\t\t\t<\/div>\n\t\t\t\t<\/div>\n\t\t\t\t<\/div>\n\t\t\t\t\t<\/div>\n\t\t\t\t<\/section>\n\t\t<section class=\"elementor-element elementor-element-83813d4 e-con-full e-flex e-con e-parent\" data-id=\"83813d4\" data-element_type=\"container\">\n\t\t\t\t<div class=\"elementor-element elementor-element-31b80d7 elementor-widget elementor-widget-google_maps\" data-id=\"31b80d7\" data-element_type=\"widget\" data-widget_type=\"google_maps.default\">\n\t\t\t\t<div class=\"elementor-widget-container\">\n\t\t\t\t\t\t\t<div class=\"elementor-custom-embed\">\n\t\t\t<iframe loading=\"lazy\"\n\t\t\t\t\tsrc=\"https:\/\/maps.google.com\/maps?q=Rua%20Soriano%20de%20Sousa%2C%20189%2C%20Sala%2026%20-%20Tatuap%C3%A9%20CEP%3A%2003066-020%20S%C3%A3o%20Paulo%20-%20SP&#038;t=m&#038;z=16&#038;output=embed&#038;iwloc=near\"\n\t\t\t\t\ttitle=\"Rua Soriano de Sousa, 189, Sala 26 - Tatuap\u00e9 CEP: 03066-020 S\u00e3o Paulo - SP\"\n\t\t\t\t\taria-label=\"Rua Soriano de Sousa, 189, Sala 26 - Tatuap\u00e9 CEP: 03066-020 S\u00e3o Paulo - SP\"\n\t\t\t><\/iframe>\n\t\t<\/div>\n\t\t\t\t\t\t<\/div>\n\t\t\t\t<\/div>\n\t\t\t\t<\/section>\n\t\t\t\t<\/div>\n\t\t","protected":false},"excerpt":{"rendered":"<p>Entre em contato Home . Entre em contato ENTRE EM CONTATO Suporte e Assist\u00eancia personalizada em seguros Entre em contato com nossa equipe para solu\u00e7\u00f5es em seguros personalizadas, orienta\u00e7\u00e3o especializada e assist\u00eancia \u00e1gil para todas as suas necessidades de cobertura. Rua Soriano de Sousa, 189, Sala 26 &#8211; Tatuap\u00e9 CEP: 03066-020 S\u00e3o Paulo &#8211; SP [&hellip;]<\/p>\n","protected":false},"author":2,"featured_media":0,"parent":0,"menu_order":0,"comment_status":"closed","ping_status":"closed","template":"","meta":{"_acf_changed":false,"_seopress_robots_primary_cat":"","_seopress_titles_title":"","_seopress_titles_desc":"","_seopress_robots_index":"","footnotes":""},"class_list":["post-142","page","type-page","status-publish","hentry"],"acf":[],"_links":{"self":[{"href":"https:\/\/asdariollicorretora.com.br\/index.php?rest_route=\/wp\/v2\/pages\/142","targetHints":{"allow":["GET"]}}],"collection":[{"href":"https:\/\/asdariollicorretora.com.br\/index.php?rest_route=\/wp\/v2\/pages"}],"about":[{"href":"https:\/\/asdariollicorretora.com.br\/index.php?rest_route=\/wp\/v2\/types\/page"}],"author":[{"embeddable":true,"href":"https:\/\/asdariollicorretora.com.br\/index.php?rest_route=\/wp\/v2\/users\/2"}],"replies":[{"embeddable":true,"href":"https:\/\/asdariollicorretora.com.br\/index.php?rest_route=%2Fwp%2Fv2%2Fcomments&post=142"}],"version-history":[{"count":97,"href":"https:\/\/asdariollicorretora.com.br\/index.php?rest_route=\/wp\/v2\/pages\/142\/revisions"}],"predecessor-version":[{"id":601,"href":"https:\/\/asdariollicorretora.com.br\/index.php?rest_route=\/wp\/v2\/pages\/142\/revisions\/601"}],"wp:attachment":[{"href":"https:\/\/asdariollicorretora.com.br\/index.php?rest_route=%2Fwp%2Fv2%2Fmedia&parent=142"}],"curies":[{"name":"wp","href":"https:\/\/api.w.org\/{rel}","templated":true}]}}